{"id":151,"date":"2020-05-26T01:02:34","date_gmt":"2020-05-26T04:02:34","guid":{"rendered":"https:\/\/frentenacionalperonista.com.ar\/web\/?page_id=151"},"modified":"2022-08-14T23:31:16","modified_gmt":"2022-08-15T02:31:16","slug":"escuela-de-gobierno","status":"publish","type":"page","link":"https:\/\/frentenacionalperonista.com.ar\/web\/escuela-de-gobierno\/","title":{"rendered":"ESCUELA DE GOBIERNO"},"content":{"rendered":"<p>[et_pb_section fb_built=\u00bb1&#8243; fullwidth=\u00bbon\u00bb admin_label=\u00bbHeader Section\u00bb _builder_version=\u00bb4.4.7&#8243; background_color=\u00bb#5d8cc9&#8243; custom_padding=\u00bb|||\u00bb][et_pb_fullwidth_header title=\u00bbEscuela de Gobierno\u00bb subhead=\u00bbDurante los a\u00f1os 2020 y 2021 se llevaron adelante las propuesta de formaci\u00f3n enmarcadas en la Escuela de Gobierno del Frente Nacional Peronista\u00bb text_orientation=\u00bbcenter\u00bb header_fullscreen=\u00bbon\u00bb header_scroll_down=\u00bbon\u00bb scroll_down_icon=\u00bb%%2%%\u00bb scroll_down_icon_color=\u00bb#ffffff\u00bb background_overlay_color=\u00bbrgba(0,0,0,0.4)\u00bb content_max_width_last_edited=\u00bboff|desktop\u00bb admin_label=\u00bbContents\u00bb _builder_version=\u00bb4.4.7&#8243; title_font=\u00bbOswald|||on|\u00bb title_text_align=\u00bbcenter\u00bb title_font_size=\u00bb70px\u00bb title_letter_spacing=\u00bb0.05em\u00bb title_line_height=\u00bb1.5em\u00bb subhead_font=\u00bbNunito|600|||||||\u00bb subhead_font_size=\u00bb20px\u00bb subhead_line_height=\u00bb1.9em\u00bb custom_button_one=\u00bbon\u00bb button_one_text_size=\u00bb15px\u00bb button_one_bg_color=\u00bb#dca57d\u00bb button_one_border_width=\u00bb10px\u00bb button_one_border_color=\u00bb#dca57d\u00bb button_one_border_radius=\u00bb0px\u00bb button_one_letter_spacing=\u00bb3px\u00bb button_one_font=\u00bbOswald|||on|\u00bb button_one_use_icon=\u00bboff\u00bb animation_style=\u00bbfade\u00bb animation_starting_opacity=\u00bb50%\u00bb animation_speed_curve=\u00bbease-in\u00bb title_font_size_tablet=\u00bb60px\u00bb title_font_size_phone=\u00bb40px\u00bb title_font_size_last_edited=\u00bbon|tablet\u00bb button_one_border_color_hover=\u00bb#c99872&#8243; button_one_border_radius_hover=\u00bb0px\u00bb button_one_letter_spacing_hover=\u00bb3px\u00bb button_one_bg_color_hover=\u00bb#c99872&#8243; button_one_text_size__hover_enabled=\u00bboff\u00bb button_two_text_size__hover_enabled=\u00bboff\u00bb button_one_text_color__hover_enabled=\u00bboff\u00bb button_two_text_color__hover_enabled=\u00bboff\u00bb button_one_border_width__hover_enabled=\u00bboff\u00bb button_two_border_width__hover_enabled=\u00bboff\u00bb button_one_border_color__hover_enabled=\u00bbon\u00bb button_one_border_color__hover=\u00bb#c99872&#8243; button_two_border_color__hover_enabled=\u00bboff\u00bb button_one_border_radius__hover_enabled=\u00bbon\u00bb button_one_border_radius__hover=\u00bb0px\u00bb button_two_border_radius__hover_enabled=\u00bboff\u00bb button_one_letter_spacing__hover_enabled=\u00bbon\u00bb button_one_letter_spacing__hover=\u00bb3px\u00bb button_two_letter_spacing__hover_enabled=\u00bboff\u00bb button_one_bg_color__hover_enabled=\u00bbon\u00bb button_one_bg_color__hover=\u00bb#c99872&#8243; button_two_bg_color__hover_enabled=\u00bboff\u00bb][\/et_pb_fullwidth_header][\/et_pb_section][et_pb_section fb_built=\u00bb1&#8243; disabled_on=\u00bbon|on|off\u00bb admin_label=\u00bbServices\u00bb _builder_version=\u00bb4.4.7&#8243; width=\u00bb100%\u00bb custom_padding=\u00bb140px||0px|||\u00bb][et_pb_row column_structure=\u00bb1_2,1_2&#8243; custom_padding_last_edited=\u00bboff|phone\u00bb _builder_version=\u00bb4.4.7&#8243; background_color=\u00bb#ffffff\u00bb width=\u00bb100%\u00bb max_width=\u00bb100%\u00bb custom_margin=\u00bb-91px|auto||auto|false|false\u00bb custom_margin_tablet=\u00bb|10%||10%\u00bb custom_margin_phone=\u00bb|0%||0%|false|false\u00bb custom_margin_last_edited=\u00bbon|tablet\u00bb custom_padding=\u00bb|17px|72px|134px|false|false\u00bb use_custom_width=\u00bbon\u00bb width_unit=\u00bboff\u00bb][et_pb_column type=\u00bb1_2&#8243; _builder_version=\u00bb4.4.7&#8243; background_color=\u00bb#ffffff\u00bb custom_padding=\u00bb0px|0px||90px|false|false\u00bb custom_padding_last_edited=\u00bboff|desktop\u00bb custom_padding__hover=\u00bb|||\u00bb][et_pb_text _builder_version=\u00bb4.4.7&#8243; text_font=\u00bb||||||||\u00bb text_font_size=\u00bb17px\u00bb text_line_height=\u00bb1.6em\u00bb header_font=\u00bb||||||||\u00bb background_layout=\u00bbdark\u00bb custom_margin=\u00bb|0px||-61px||\u00bb custom_padding=\u00bb15px|41px|0px|41px||true\u00bb animation_style=\u00bbfade\u00bb]<\/p>\n<p style=\"text-align: justify;\"><span style=\"color: #000000;\">Nos proponemos invitarte a participar de la\u00a0<strong>Escuela de Gobierno del Frente Nacional Peronista<\/strong>. La misma se orienta a la formaci\u00f3n integral de cuadros pol\u00edticos en funci\u00f3n de la gesti\u00f3n p\u00fablica en el \u00e1mbito Provincial y Municipal. <\/span><\/p>\n<p style=\"text-align: justify;\"><strong style=\"color: #000000;\">Director de la Escuela de Gobierno<\/strong><span style=\"color: #000000;\">: Mg. Carlos Urquiaga<\/span><\/p>\n<p>[\/et_pb_text][\/et_pb_column][et_pb_column type=\u00bb1_2&#8243; _builder_version=\u00bb4.4.7&#8243; custom_padding=\u00bb|||\u00bb custom_padding__hover=\u00bb|||\u00bb][et_pb_image src=\u00bbhttps:\/\/frentenacionalperonista.com.ar\/web\/wp-content\/uploads\/2021\/03\/Carlos_Urquiaga.jpeg\u00bb title_text=\u00bbCarlos_Urquiaga\u00bb align_tablet=\u00bbcenter\u00bb align_phone=\u00bb\u00bb align_last_edited=\u00bbon|desktop\u00bb _builder_version=\u00bb4.4.7&#8243; width=\u00bb55%\u00bb custom_margin=\u00bb0px||||false|false\u00bb custom_margin_tablet=\u00bb\u00bb custom_margin_phone=\u00bb||||false|false\u00bb custom_margin_last_edited=\u00bbon|phone\u00bb custom_padding=\u00bb12px||||false|false\u00bb animation_direction=\u00bbleft\u00bb border_radii=\u00bbon|30px|30px|30px|30px\u00bb box_shadow_style=\u00bbpreset2&#8243; box_shadow_color=\u00bbrgba(18,47,100,0.2)\u00bb][\/et_pb_image][\/et_pb_column][\/et_pb_row][\/et_pb_section][et_pb_section fb_built=\u00bb1&#8243; disabled_on=\u00bbon|on|on\u00bb admin_label=\u00bbServices\u00bb _builder_version=\u00bb4.4.7&#8243; background_color=\u00bb#5d8cc9&#8243; custom_margin=\u00bb46px|||||\u00bb custom_padding=\u00bb44px|||||\u00bb disabled=\u00bbon\u00bb][et_pb_row column_structure=\u00bb1_4,1_4,1_4,1_4&#8243; use_custom_gutter=\u00bbon\u00bb gutter_width=\u00bb2&#8243; _builder_version=\u00bb3.25&#8243;][et_pb_column type=\u00bb1_4&#8243; _builder_version=\u00bb3.25&#8243; custom_padding=\u00bb|||\u00bb custom_padding__hover=\u00bb|||\u00bb][et_pb_blurb title=\u00bbExpositores\u00bb url=\u00bbhttps:\/\/frentenacionalperonista.com.ar\/web\/expositores\/\u00bb use_icon=\u00bbon\u00bb font_icon=\u00bb%%305%%\u00bb icon_color=\u00bb#5D8CC9&#8243; use_icon_font_size=\u00bbon\u00bb icon_font_size=\u00bb32px\u00bb _builder_version=\u00bb4.4.7&#8243; header_font=\u00bb|700|||||||\u00bb header_font_size=\u00bb14px\u00bb header_line_height=\u00bb1.8em\u00bb body_font=\u00bb||||||||\u00bb body_line_height=\u00bb1.8em\u00bb background_color=\u00bb#ffffff\u00bb text_orientation=\u00bbcenter\u00bb custom_margin=\u00bb||0px\u00bb custom_padding=\u00bb30px|20px|30px|20px|true|true\u00bb animation_style=\u00bbslide\u00bb animation_direction=\u00bbbottom\u00bb animation_intensity_slide=\u00bb5%\u00bb animation=\u00bboff\u00bb link_option_url=\u00bbhttps:\/\/frentenacionalperonista.com.ar\/web\/expositores\/\u00bb border_width_all=\u00bb1px\u00bb border_color_all=\u00bb#f4f4f4&#8243; border_width_bottom=\u00bb0px\u00bb box_shadow_style=\u00bbpreset2&#8243; box_shadow_horizontal=\u00bb0px\u00bb box_shadow_vertical=\u00bb35px\u00bb box_shadow_blur=\u00bb115px\u00bb box_shadow_spread=\u00bb-25px\u00bb box_shadow_color=\u00bbrgba(0,0,0,0.15)\u00bb box_shadow_color__hover_enabled=\u00bbon\u00bb box_shadow_color__hover=\u00bbrgba(0,0,0,0.3)\u00bb box_shadow_blur__hover_enabled=\u00bbon\u00bb box_shadow_blur__hover=\u00bb125px\u00bb box_shadow_vertical__hover=\u00bb35px\u00bb custom_margin__hover_enabled=\u00bbon\u00bb custom_margin__hover=\u00bb-5px||\u00bb]<\/p>\n<p>Acced\u00e9 a este espacio para conocer a las compa\u00f1eras y compa\u00f1eros que conforman el equipo de expositores<\/p>\n<p>[\/et_pb_blurb][\/et_pb_column][et_pb_column type=\u00bb1_4&#8243; _builder_version=\u00bb3.25&#8243; custom_padding=\u00bb|||\u00bb custom_padding__hover=\u00bb|||\u00bb][et_pb_blurb title=\u00bbContenidos\u00bb url=\u00bbhttps:\/\/frentenacionalperonista.com.ar\/web\/contenidos\/\u00bb use_icon=\u00bbon\u00bb font_icon=\u00bb%%273%%\u00bb use_icon_font_size=\u00bbon\u00bb icon_font_size=\u00bb32px\u00bb _builder_version=\u00bb4.4.7&#8243; header_font=\u00bb|700|||||||\u00bb header_font_size=\u00bb14px\u00bb header_line_height=\u00bb1.8em\u00bb body_font=\u00bb||||||||\u00bb body_line_height=\u00bb1.8em\u00bb background_color=\u00bb#ffffff\u00bb text_orientation=\u00bbcenter\u00bb custom_margin=\u00bb||0px\u00bb custom_padding=\u00bb30px|20px|30px|20px|true|true\u00bb animation_style=\u00bbslide\u00bb animation_direction=\u00bbbottom\u00bb animation_intensity_slide=\u00bb5%\u00bb animation=\u00bboff\u00bb link_option_url=\u00bbhttps:\/\/frentenacionalperonista.com.ar\/web\/contenidos\/\u00bb border_width_all=\u00bb1px\u00bb border_color_all=\u00bb#f4f4f4&#8243; border_width_bottom=\u00bb0px\u00bb box_shadow_style=\u00bbpreset2&#8243; box_shadow_horizontal=\u00bb0px\u00bb box_shadow_vertical=\u00bb35px\u00bb box_shadow_blur=\u00bb115px\u00bb box_shadow_spread=\u00bb-25px\u00bb box_shadow_color=\u00bbrgba(0,0,0,0.15)\u00bb locked=\u00bboff\u00bb box_shadow_color__hover=\u00bbrgba(0,0,0,0.3)\u00bb box_shadow_color__hover_enabled=\u00bbon\u00bb box_shadow_vertical__hover=\u00bb35px\u00bb box_shadow_blur__hover=\u00bb125px\u00bb box_shadow_blur__hover_enabled=\u00bbon\u00bb custom_margin__hover_enabled=\u00bbon\u00bb custom_margin__hover=\u00bb-5px||\u00bb]<\/p>\n<p>Acced\u00e9 a este espacio para conocer los contenidos tem\u00e1ticos que se abordar\u00e1n en cada m\u00f3dulo<\/p>\n<p>[\/et_pb_blurb][\/et_pb_column][et_pb_column type=\u00bb1_4&#8243; _builder_version=\u00bb3.25&#8243; custom_padding=\u00bb|||\u00bb custom_padding__hover=\u00bb|||\u00bb][et_pb_blurb title=\u00bbConsultas\u00bb url=\u00bbhttps:\/\/frentenacionalperonista.com.ar\/web\/contacto\/\u00bb use_icon=\u00bbon\u00bb font_icon=\u00bb%%220%%\u00bb icon_color=\u00bb#5D8CC9&#8243; use_icon_font_size=\u00bbon\u00bb icon_font_size=\u00bb32px\u00bb _builder_version=\u00bb4.4.7&#8243; header_font=\u00bb|700|||||||\u00bb header_font_size=\u00bb14px\u00bb header_line_height=\u00bb1.8em\u00bb body_font=\u00bb||||||||\u00bb body_line_height=\u00bb1.8em\u00bb background_color=\u00bb#ffffff\u00bb text_orientation=\u00bbcenter\u00bb custom_margin=\u00bb||0px\u00bb custom_padding=\u00bb30px|20px|30px|20px|true|true\u00bb animation_style=\u00bbslide\u00bb animation_direction=\u00bbbottom\u00bb animation_intensity_slide=\u00bb5%\u00bb animation=\u00bboff\u00bb link_option_url=\u00bbhttps:\/\/frentenacionalperonista.com.ar\/web\/consultas\/\u00bb border_width_all=\u00bb1px\u00bb border_color_all=\u00bb#f4f4f4&#8243; border_width_bottom=\u00bb0px\u00bb box_shadow_style=\u00bbpreset2&#8243; box_shadow_horizontal=\u00bb0px\u00bb box_shadow_vertical=\u00bb35px\u00bb box_shadow_blur=\u00bb115px\u00bb box_shadow_spread=\u00bb-25px\u00bb box_shadow_color=\u00bbrgba(0,0,0,0.15)\u00bb locked=\u00bboff\u00bb box_shadow_color__hover=\u00bbrgba(0,0,0,0.3)\u00bb box_shadow_color__hover_enabled=\u00bbon\u00bb box_shadow_vertical__hover=\u00bb35px\u00bb box_shadow_blur__hover=\u00bb125px\u00bb box_shadow_blur__hover_enabled=\u00bbon\u00bb custom_margin__hover_enabled=\u00bbon\u00bb custom_margin__hover=\u00bb-5px||\u00bb]<\/p>\n<p>Acced\u00e9 a este espacio para consultar y obtener mayor informaci\u00f3n sobre la Escuela de Gobierno<\/p>\n<p>[\/et_pb_blurb][\/et_pb_column][et_pb_column type=\u00bb1_4&#8243; _builder_version=\u00bb3.25&#8243; custom_padding=\u00bb|||\u00bb custom_padding__hover=\u00bb|||\u00bb][et_pb_blurb title=\u00bbInscripci\u00f3n\u00bb url=\u00bbhttps:\/\/frentenacionalperonista.com.ar\/web\/contacto\/\u00bb use_icon=\u00bbon\u00bb font_icon=\u00bb%%157%%\u00bb icon_color=\u00bb#5D8CC9&#8243; use_icon_font_size=\u00bbon\u00bb icon_font_size=\u00bb32px\u00bb _builder_version=\u00bb4.4.7&#8243; header_font=\u00bb|700|||||||\u00bb header_font_size=\u00bb14px\u00bb header_line_height=\u00bb1.8em\u00bb body_font=\u00bb||||||||\u00bb body_line_height=\u00bb1.8em\u00bb background_color=\u00bb#ffffff\u00bb text_orientation=\u00bbcenter\u00bb custom_margin=\u00bb||0px\u00bb custom_padding=\u00bb30px|20px|30px|20px|true|true\u00bb animation_style=\u00bbslide\u00bb animation_direction=\u00bbbottom\u00bb animation_intensity_slide=\u00bb5%\u00bb animation=\u00bboff\u00bb link_option_url=\u00bbhttps:\/\/frentenacionalperonista.com.ar\/web\/inscripcion\/\u00bb border_width_all=\u00bb1px\u00bb border_color_all=\u00bb#f4f4f4&#8243; border_width_bottom=\u00bb0px\u00bb box_shadow_style=\u00bbpreset2&#8243; box_shadow_horizontal=\u00bb0px\u00bb box_shadow_vertical=\u00bb35px\u00bb box_shadow_blur=\u00bb115px\u00bb box_shadow_spread=\u00bb-25px\u00bb box_shadow_color=\u00bbrgba(0,0,0,0.15)\u00bb locked=\u00bboff\u00bb box_shadow_color__hover=\u00bbrgba(0,0,0,0.3)\u00bb box_shadow_color__hover_enabled=\u00bbon\u00bb box_shadow_vertical__hover=\u00bb35px\u00bb box_shadow_blur__hover=\u00bb125px\u00bb box_shadow_blur__hover_enabled=\u00bbon\u00bb custom_margin__hover_enabled=\u00bbon\u00bb custom_margin__hover=\u00bb-5px||\u00bb]<\/p>\n<p><span>Al momento de registrarte, <strong>pod\u00e9s optar por inscribirte en los m\u00f3dulos que sean de tu inter\u00e9s<\/strong>.<\/span><\/p>\n<p>[\/et_pb_blurb][\/et_pb_column][\/et_pb_row][\/et_pb_section][et_pb_section fb_built=\u00bb1&#8243; disabled_on=\u00bboff|off|off\u00bb admin_label=\u00bbServices\u00bb _builder_version=\u00bb4.4.7&#8243; background_color=\u00bb#5d8cc9&#8243; custom_margin=\u00bb46px|||||\u00bb custom_padding=\u00bb44px|||||\u00bb][et_pb_row column_structure=\u00bb1_2,1_2&#8243; use_custom_gutter=\u00bbon\u00bb gutter_width=\u00bb2&#8243; _builder_version=\u00bb3.25&#8243;][et_pb_column type=\u00bb1_2&#8243; _builder_version=\u00bb3.25&#8243; custom_padding=\u00bb|||\u00bb custom_padding__hover=\u00bb|||\u00bb][et_pb_blurb title=\u00bbEdici\u00f3n A\u00f1o 2020&#8243; url=\u00bbhttps:\/\/frentenacionalperonista.com.ar\/web\/escuela-de-gobierno-2020\/\u00bb use_icon=\u00bbon\u00bb font_icon=\u00bb%%130%%\u00bb use_icon_font_size=\u00bbon\u00bb icon_font_size=\u00bb32px\u00bb _builder_version=\u00bb4.4.7&#8243; header_font=\u00bb|700|||||||\u00bb header_font_size=\u00bb14px\u00bb header_line_height=\u00bb1.8em\u00bb body_font=\u00bb||||||||\u00bb body_line_height=\u00bb1.8em\u00bb background_color=\u00bb#ffffff\u00bb text_orientation=\u00bbcenter\u00bb custom_margin=\u00bb||0px\u00bb custom_padding=\u00bb30px|20px|30px|20px|true|true\u00bb animation_style=\u00bbslide\u00bb animation_direction=\u00bbbottom\u00bb animation_intensity_slide=\u00bb5%\u00bb animation=\u00bboff\u00bb link_option_url=\u00bbhttps:\/\/frentenacionalperonista.com.ar\/web\/escuela-de-gobierno-2020\/\u00bb hover_enabled=\u00bb0&#8243; border_width_all=\u00bb1px\u00bb border_color_all=\u00bb#f4f4f4&#8243; border_width_bottom=\u00bb0px\u00bb box_shadow_style=\u00bbpreset2&#8243; box_shadow_horizontal=\u00bb0px\u00bb box_shadow_vertical=\u00bb35px\u00bb box_shadow_blur=\u00bb115px\u00bb box_shadow_spread=\u00bb-25px\u00bb box_shadow_color=\u00bbrgba(0,0,0,0.15)\u00bb locked=\u00bboff\u00bb box_shadow_color__hover=\u00bbrgba(0,0,0,0.3)\u00bb box_shadow_color__hover_enabled=\u00bbon\u00bb box_shadow_vertical__hover=\u00bb35px\u00bb box_shadow_blur__hover=\u00bb125px\u00bb box_shadow_blur__hover_enabled=\u00bbon\u00bb custom_margin__hover_enabled=\u00bbon\u00bb custom_margin__hover=\u00bb-5px||\u00bb]<\/p>\n<p>Acced\u00e9 a este espacio para conocer los contenidos tem\u00e1ticos que se abordaron durante la edici\u00f3n del a\u00f1o 2020.<\/p>\n<p>[\/et_pb_blurb][\/et_pb_column][et_pb_column type=\u00bb1_2&#8243; _builder_version=\u00bb3.25&#8243; custom_padding=\u00bb|||\u00bb custom_padding__hover=\u00bb|||\u00bb][et_pb_blurb title=\u00bbEdici\u00f3n A\u00f1o 2021&#8243; url=\u00bbhttps:\/\/frentenacionalperonista.com.ar\/web\/escuela-de-gobierno-2020\/\u00bb use_icon=\u00bbon\u00bb font_icon=\u00bb%%130%%\u00bb icon_color=\u00bb#5D8CC9&#8243; use_icon_font_size=\u00bbon\u00bb icon_font_size=\u00bb32px\u00bb _builder_version=\u00bb4.4.7&#8243; header_font=\u00bb|700|||||||\u00bb header_font_size=\u00bb14px\u00bb header_line_height=\u00bb1.8em\u00bb body_font=\u00bb||||||||\u00bb body_line_height=\u00bb1.8em\u00bb background_color=\u00bb#ffffff\u00bb text_orientation=\u00bbcenter\u00bb custom_margin=\u00bb||0px\u00bb custom_padding=\u00bb30px|20px|30px|20px|true|true\u00bb animation_style=\u00bbslide\u00bb animation_direction=\u00bbbottom\u00bb animation_intensity_slide=\u00bb5%\u00bb animation=\u00bboff\u00bb link_option_url=\u00bbhttps:\/\/frentenacionalperonista.com.ar\/web\/escuela-de-gobierno-2020\/\u00bb hover_enabled=\u00bb0&#8243; border_width_all=\u00bb1px\u00bb border_color_all=\u00bb#f4f4f4&#8243; border_width_bottom=\u00bb0px\u00bb box_shadow_style=\u00bbpreset2&#8243; box_shadow_horizontal=\u00bb0px\u00bb box_shadow_vertical=\u00bb35px\u00bb box_shadow_blur=\u00bb115px\u00bb box_shadow_spread=\u00bb-25px\u00bb box_shadow_color=\u00bbrgba(0,0,0,0.15)\u00bb locked=\u00bboff\u00bb box_shadow_color__hover=\u00bbrgba(0,0,0,0.3)\u00bb box_shadow_color__hover_enabled=\u00bbon\u00bb box_shadow_vertical__hover=\u00bb35px\u00bb box_shadow_blur__hover=\u00bb125px\u00bb box_shadow_blur__hover_enabled=\u00bbon\u00bb custom_margin__hover_enabled=\u00bbon\u00bb custom_margin__hover=\u00bb-5px||\u00bb]<\/p>\n<p>Acced\u00e9 a este espacio para conocer los contenidos tem\u00e1ticos que se abordaron durante la edici\u00f3n del a\u00f1o 2021.<\/p>\n<p>[\/et_pb_blurb][\/et_pb_column][\/et_pb_row][\/et_pb_section][et_pb_section fb_built=\u00bb1&#8243; fullwidth=\u00bbon\u00bb admin_label=\u00bbHeader Section\u00bb _builder_version=\u00bb4.4.7&#8243; background_color=\u00bbrgba(0,0,0,0)\u00bb use_background_color_gradient=\u00bbon\u00bb background_color_gradient_start=\u00bb#54565a\u00bb background_color_gradient_end=\u00bb#1e2453&#8243; custom_padding=\u00bb|||\u00bb][\/et_pb_section]<\/p>\n","protected":false},"excerpt":{"rendered":"<p>[et_pb_section fb_built=\u00bb1&#8243; fullwidth=\u00bbon\u00bb admin_label=\u00bbHeader Section\u00bb _builder_version=\u00bb4.4.7&#8243; background_color=\u00bb#5d8cc9&#8243; custom_padding=\u00bb|||\u00bb][et_pb_fullwidth_header title=\u00bbEscuela de Gobierno\u00bb subhead=\u00bbDurante los a\u00f1os 2020 y 2021 se llevaron adelante las propuesta de formaci\u00f3n enmarcadas en la Escuela de Gobierno del Frente Nacional Peronista\u00bb text_orientation=\u00bbcenter\u00bb header_fullscreen=\u00bbon\u00bb header_scroll_down=\u00bbon\u00bb scroll_down_icon=\u00bb%%2%%\u00bb scroll_down_icon_color=\u00bb#ffffff\u00bb background_overlay_color=\u00bbrgba(0,0,0,0.4)\u00bb content_max_width_last_edited=\u00bboff|desktop\u00bb admin_label=\u00bbContents\u00bb _builder_version=\u00bb4.4.7&#8243; title_font=\u00bbOswald|||on|\u00bb title_text_align=\u00bbcenter\u00bb title_font_size=\u00bb70px\u00bb title_letter_spacing=\u00bb0.05em\u00bb title_line_height=\u00bb1.5em\u00bb subhead_font=\u00bbNunito|600|||||||\u00bb subhead_font_size=\u00bb20px\u00bb subhead_line_height=\u00bb1.9em\u00bb custom_button_one=\u00bbon\u00bb button_one_text_size=\u00bb15px\u00bb button_one_bg_color=\u00bb#dca57d\u00bb button_one_border_width=\u00bb10px\u00bb [&hellip;]<\/p>\n","protected":false},"author":2,"featured_media":0,"parent":0,"menu_order":0,"comment_status":"closed","ping_status":"closed","template":"","meta":{"_et_pb_use_builder":"on","_et_pb_old_content":"","_et_gb_content_width":""},"_links":{"self":[{"href":"https:\/\/frentenacionalperonista.com.ar\/web\/wp-json\/wp\/v2\/pages\/151"}],"collection":[{"href":"https:\/\/frentenacionalperonista.com.ar\/web\/wp-json\/wp\/v2\/pages"}],"about":[{"href":"https:\/\/frentenacionalperonista.com.ar\/web\/wp-json\/wp\/v2\/types\/page"}],"author":[{"embeddable":true,"href":"https:\/\/frentenacionalperonista.com.ar\/web\/wp-json\/wp\/v2\/users\/2"}],"replies":[{"embeddable":true,"href":"https:\/\/frentenacionalperonista.com.ar\/web\/wp-json\/wp\/v2\/comments?post=151"}],"version-history":[{"count":111,"href":"https:\/\/frentenacionalperonista.com.ar\/web\/wp-json\/wp\/v2\/pages\/151\/revisions"}],"predecessor-version":[{"id":2793,"href":"https:\/\/frentenacionalperonista.com.ar\/web\/wp-json\/wp\/v2\/pages\/151\/revisions\/2793"}],"wp:attachment":[{"href":"https:\/\/frentenacionalperonista.com.ar\/web\/wp-json\/wp\/v2\/media?parent=151"}],"curies":[{"name":"wp","href":"https:\/\/api.w.org\/{rel}","templated":true}]}}